{"id":1164,"date":"2022-06-21T16:53:29","date_gmt":"2022-06-21T16:53:29","guid":{"rendered":"https:\/\/opuntia-hotel.com\/spanish\/?page_id=1164"},"modified":"2025-09-06T15:31:39","modified_gmt":"2025-09-06T15:31:39","slug":"algo-de-historia","status":"publish","type":"page","link":"https:\/\/opuntia-hotel.com\/spanish\/el-edificio\/algo-de-historia\/","title":{"rendered":"Algo de Historia"},"content":{"rendered":"<div\n      class=\"kv-control-placeholder kv-_page\"\n      data-kv-control=\"1\">\n    <\/div> <section class=\"background-id_0adjacent section-1655830301248 hagopy24\" style=\" position:relative;\">\n  <a name=\"section1655830301248\"><\/a>\n    <div\n    class=\"kv-control-placeholder kv-_section\"\n    data-kv-control=\"background\">\n  <\/div> <div class='kv-background  ' style=\" background-color: rgb(249,249,249);\">\n        \n        <div class='kv-background-inner '  style=\"\n          \n          \n          \n          background-color: rgb(249,249,249);\n          \"><\/div>\n          \n<\/div>\n\n  <div class=\"position-relative kv-content\">\n    <div\n    class=\"kv-control-placeholder kv-_section\"\n    data-kv-control=\"content\">\n  <\/div> <div class=\"kv-ee-section kv-ee-section--lg\"><div class=\"kv-ee-container\"><div class=\"kv-ee-row\"><div class=\"kv-ee-col-lg-10 kv-ee-offset-lg-1 kv-ee-align-left kv-notify-inview kv-ee-section-text\">  <h2 class=\"kv-ee-section-title kv-ee-section-title--md\" data-type=\"text\" tabindex=\"0\">ALGO DE HISTORIA<span data-prop=\"title\" class=\"ck-editable-element\" data-editable=\"basic\" style=\"display:none;\"><\/span><\/h2> <p class=\"kv-ee-description\" data-type=\"text\" tabindex=\"0\">La primera inscripci\u00f3n registral de la casa aparece en el a\u00f1o 1850 y desde esta fecha hasta 1934 fue propiedad de diversas familias acomodadas que la utilizaron como vivienda de recreo en la que pasaron los largos periodos estivales, atra\u00eddos por las bondades climatol\u00f3gicas de Mijas, la calidad del aire de la sierra y la pureza de las aguas de los muchos manantiales que surt\u00edan a la localidad.\n<br><br>Entre estos propietarios cabr\u00eda rese\u00f1ar a Rafael Romero Aguado, que ser\u00eda el <a href=\"https:\/\/www.realacademiasantelmo.org\/historico-de-presidentes\/\" target=\"_blank\" rel=\"noopener noreferrer\">2\u00ba Presidente de la Real Academia de Bellas Artes de San Telmo<\/a> y al ingeniero Fernando Loring Mart\u00ednez, hijo, nieto y biznieto de <a href=\"https:\/\/opuntia-hotel.com\/wp-content\/uploads\/2022\/06\/8703264911_8c1c29db55_o.jpg\" target=\"_blank\" rel=\"noopener noreferrer\">Manuel Loring Heredia<\/a>, <a href=\"https:\/\/es.wikipedia.org\/wiki\/Jorge_Loring_y_Oyarz%C3%A1bal\" target=\"_blank\" rel=\"noopener noreferrer\">George Henry Loring Oyarz\u00e1bal<\/a>, <a href=\"https:\/\/www.wikiwand.com\/es\/Marquesado_de_Casa_Loring\" target=\"_blank\" rel=\"noopener noreferrer\">George Loring James<\/a> y <a href=\"https:\/\/es.wikipedia.org\/wiki\/Manuel_Agust%C3%ADn_Heredia\" target=\"_blank\" rel=\"noopener noreferrer\">Manuel Agust\u00edn Heredia Mart\u00ednez<\/a>, prohombres muy destacados del desarrollismo industrial de la Espa\u00f1a del siglo XIX.\n<br><br>A partir de 1934, la vivienda fue adquirida sucesivamente por diversas familias del municipio y en 1941 la compraron los abuelos de los actuales propietarios. A partir de entonces, adem\u00e1s de domicilio familiar, y debido al considerable tama\u00f1o de la casa y buena ubicaci\u00f3n, en ella se despleg\u00f3 una intensa actividad comercial y de negocios.&nbsp;En los patios se desarrollaban un sinf\u00edn de actividades que se suced\u00edan unas a otras seg\u00fan la \u00e9poca del a\u00f1o: se trabajaba la palma y el esparto, se comerciaba con cereales, aceite o cal, y se envasaban uvas pasas e higos secos para su venta. <br><br>\nEn la planta baja se instal\u00f3 una taberna que durante a\u00f1os fue lugar de reuni\u00f3n de vecinos y hombres de negocio y donde probablemente se cerraron un buen n\u00famero de los contratos de la \u00e9poca. Con el paso del tiempo, se convirti\u00f3 en \u201ccasa de comidas\u201d a la que acud\u00edan tanto personas del pueblo como for\u00e1neos que ven\u00edan a Mijas por razones comerciales o por ocio, y en la planta superior se habilitaron varias habitaciones para alojar a quienes ven\u00edan a vender sus mercanc\u00edas o a pasar unos d\u00edas de descanso, convirti\u00e9ndose durante a\u00f1os en el \u00fanico inmueble con estas caracter\u00edsticas que exist\u00eda en la localidad. Estas dos actividades se prolongaron, la primera hasta finales de la d\u00e9cada de los 50, y la segunda hasta bien entrados los a\u00f1os 70 del siglo pasado. <br><br>\n\nCon la reforma que finaliza en 2021, los actuales propietarios han apostado por recuperar para el edificio los principales usos que tuvo durante el pasado siglo; esto es, comercial, hostelero y hotelero, pero desde una \u00f3ptica y con una filosof\u00eda completamente renovadas al objeto de convertirse en un referente de la oferta de servicios tur\u00edsticos no s\u00f3lo de Mijas, sino de la Costa del Sol occidental.&nbsp; &nbsp;<br><span data-prop=\"description\" class=\"ck-editable-element\" data-editable=\"basic\" style=\"display:none;\"><\/span><\/p>  <\/div><\/div><\/div><\/div>\n  <\/div>\n<\/section>\n<style scoped>.hagopy24 .kv-ee-section-title{color:var(--kv-ee-title1)}.hagopy24 .kv-ee-description{line-height:1.75}.hagopy24 .kv-ee-overline{color:var(--kv-ee-text2);letter-spacing:.02em;margin-bottom:.25rem !important;margin-top:0 !important}.hagopy24 .kv-ee-align-left{text-align:left}.hagopy24 .kv-ee-align-center{text-align:center}.hagopy24 .kv-ee-align-center .kv-ee-section-subtitle,.hagopy24 .kv-ee-align-center .kv-ee-section-title,.hagopy24 .kv-ee-align-center .kv-ee-section-description{margin-left:auto;margin-right:auto}.hagopy24 .kv-ee-align-right{text-align:right}.hagopy24 .kv-ee-align-right .kv-ee-section-subtitle,.hagopy24 .kv-ee-align-right .kv-ee-section-title,.hagopy24 .kv-ee-align-right .kv-ee-section-description{margin-left:auto}.hagopy24 .kv-ee-button{margin-right:1rem}<\/style><div\n      class=\"kv-control-placeholder kv-_page\"\n      data-kv-control=\"2\">\n    <\/div> <section class=\"background-id_0 section-1659229271986 komupe08 jikego13 undefined\" style=\" position:relative;\">\n  <a name=\"section1659229271986\"><\/a>\n    <div\n    class=\"kv-control-placeholder kv-_section\"\n    data-kv-control=\"background\">\n  <\/div> <div class='kv-background  ' style=\" background-color: rgb(255,255,255);\">\n        \n        <div class='kv-background-inner '  style=\"\n          \n          \n          \n          background-color: rgb(255,255,255);\n          \"><\/div>\n          \n<\/div>\n\n  <div class=\"position-relative kv-content\">\n    <div\n    class=\"kv-control-placeholder kv-_section\"\n    data-kv-control=\"content\">\n  <\/div> <div class=\"kv-ee-section kv-ee-section--lg kv-ee-align-center \"><div class=\"kv-ee-container\"><div class=\"kv-ee-row\"><div class=\"kv-ee-section-text kv-ee-col-12\">    <\/div><\/div><\/div><div class=\"kv-ee-container\"><div class=\"kv-ee-row kv-ee-row-align\"><div class=\"kv-ee-col-12 kv-ee-gutters kv-ee-square \"> <div\n    class=\"kv-control-placeholder kv-_content\"\n    data-kv-control=\"list\">\n  <\/div><div>\n  <div class=\"kv-ee-row\" data-type=\"list\">\n    <div\n    class=\"kv-control-placeholder kv-_list\"\n    data-kv-control=\"0\">\n  <\/div> <div class=\"kv-ee-col-6 kv-ee-col-md-4 kv-ee-item\"><div class=\"kv-ee-column\"><div class=\"kv-ee-content-card kv-ee-default-card  \"><div class=\"kv-ee-card-img\"> <div\n      data-type=\"image\" data-property=\"image\"\n       class=\"kv-ee-content-image kv-ee-gallery \" role=\"img\" data-src=\"https:\/\/images.builderservices.io\/s\/cdn\/v1.0\/i\/m?url=https%3A%2F%2Fstorage.googleapis.com%2Fproduction-bluehost-v1-0-7%2F487%2F1376487%2FqraTwveL%2F8a891ccd9604430197d838d96b238fda&#038;methods=resize%2C60%2C5000\" data-src-normal=\"https:\/\/images.builderservices.io\/s\/cdn\/v1.0\/i\/m?url=https%3A%2F%2Fstorage.googleapis.com%2Fproduction-bluehost-v1-0-7%2F487%2F1376487%2FqraTwveL%2F8a891ccd9604430197d838d96b238fda&#038;methods=resize%2C600%2C5000\" data-src-retina=\"https:\/\/images.builderservices.io\/s\/cdn\/v1.0\/i\/m?url=https%3A%2F%2Fstorage.googleapis.com%2Fproduction-bluehost-v1-0-7%2F487%2F1376487%2FqraTwveL%2F8a891ccd9604430197d838d96b238fda&#038;methods=resize%2C900%2C5000\"\n      style=\"background-position: center center;background-repeat: no-repeat;\"\n      data-setting=\"border\"\n      role=\"img\"\n    ><\/div> <\/div>  <div class=\"kv-ee-card-text kv-ee-align-center\"> <h3 class=\"kv-ee-card-title kv-ee-title--xs\" data-type=\"text\" tabindex=\"0\">1890<span data-prop=\"title\" class=\"ck-editable-element\" data-editable=\"basic\" style=\"display:none;\"><\/span><\/h3> <\/div>  <\/div><\/div><\/div>\n    <div\n    class=\"kv-control-placeholder kv-_list\"\n    data-kv-control=\"1\">\n  <\/div> <div class=\"kv-ee-col-6 kv-ee-col-md-4 kv-ee-item\"><div class=\"kv-ee-column\"><div class=\"kv-ee-content-card kv-ee-default-card  \"><div class=\"kv-ee-card-img\"> <div\n      data-type=\"image\" data-property=\"image\"\n       class=\"kv-ee-content-image kv-ee-gallery \" role=\"img\" data-src=\"https:\/\/images.builderservices.io\/s\/cdn\/v1.0\/i\/m?url=https%3A%2F%2Fstorage.googleapis.com%2Fproduction-bluehost-v1-0-7%2F487%2F1376487%2FqraTwveL%2F0e15a59214854c15a780dda97bc35580&#038;methods=resize%2C60%2C5000\" data-src-normal=\"https:\/\/images.builderservices.io\/s\/cdn\/v1.0\/i\/m?url=https%3A%2F%2Fstorage.googleapis.com%2Fproduction-bluehost-v1-0-7%2F487%2F1376487%2FqraTwveL%2F0e15a59214854c15a780dda97bc35580&#038;methods=resize%2C600%2C5000\" data-src-retina=\"https:\/\/images.builderservices.io\/s\/cdn\/v1.0\/i\/m?url=https%3A%2F%2Fstorage.googleapis.com%2Fproduction-bluehost-v1-0-7%2F487%2F1376487%2FqraTwveL%2F0e15a59214854c15a780dda97bc35580&#038;methods=resize%2C900%2C5000\"\n      style=\"background-position: center center;background-repeat: no-repeat;\"\n      data-setting=\"border\"\n      role=\"img\"\n    ><\/div> <\/div>  <div class=\"kv-ee-card-text kv-ee-align-center\"> <h3 class=\"kv-ee-card-title kv-ee-title--xs\" data-type=\"text\" tabindex=\"0\">1960<span data-prop=\"title\" class=\"ck-editable-element\" data-editable=\"basic\" style=\"display:none;\"><\/span><\/h3> <\/div>  <\/div><\/div><\/div>\n    <div\n    class=\"kv-control-placeholder kv-_list\"\n    data-kv-control=\"2\">\n  <\/div> <div class=\"kv-ee-col-6 kv-ee-col-md-4 kv-ee-item\"><div class=\"kv-ee-column\"><div class=\"kv-ee-content-card kv-ee-default-card  \"><div class=\"kv-ee-card-img\"> <div\n      data-type=\"image\" data-property=\"image\"\n       class=\"kv-ee-content-image kv-ee-gallery \" role=\"img\" data-src=\"https:\/\/images.builderservices.io\/s\/cdn\/v1.0\/i\/m?url=https%3A%2F%2Fstorage.googleapis.com%2Fproduction-bluehost-v1-0-7%2F487%2F1376487%2FqraTwveL%2F68e216a4134d47beabf79f9145552e4e&#038;methods=resize%2C60%2C5000\" data-src-normal=\"https:\/\/images.builderservices.io\/s\/cdn\/v1.0\/i\/m?url=https%3A%2F%2Fstorage.googleapis.com%2Fproduction-bluehost-v1-0-7%2F487%2F1376487%2FqraTwveL%2F68e216a4134d47beabf79f9145552e4e&#038;methods=resize%2C600%2C5000\" data-src-retina=\"https:\/\/images.builderservices.io\/s\/cdn\/v1.0\/i\/m?url=https%3A%2F%2Fstorage.googleapis.com%2Fproduction-bluehost-v1-0-7%2F487%2F1376487%2FqraTwveL%2F68e216a4134d47beabf79f9145552e4e&#038;methods=resize%2C900%2C5000\"\n      style=\"background-position: center center;background-repeat: no-repeat;\"\n      data-setting=\"border\"\n      role=\"img\"\n    ><\/div> <\/div>  <div class=\"kv-ee-card-text kv-ee-align-center\"> <h3 class=\"kv-ee-card-title kv-ee-title--xs\" data-type=\"text\" tabindex=\"0\">2022<span data-prop=\"title\" class=\"ck-editable-element\" data-editable=\"basic\" style=\"display:none;\"><\/span><\/h3> <\/div>  <\/div><\/div><\/div>\n  <\/div>\n  <div class=\"kv-ee-row\" data-type=\"swipe-list\">\n    <div class=\"kv-ee-swiper-container\" style=\"padding-bottom: 25px;\">\n      <div class=\"kv-ee-swiper-wrapper\">\n\n      <\/div>\n      <!-- Add Pagination -->\n      <div class=\"kv-ee-swiper-pagination\" style=\"bottom: 0;\"><\/div>\n    <\/div>\n  <\/div>\n<\/div> <\/div><\/div><\/div><\/div>\n  <\/div>\n<\/section>\n<style scoped>.komupe08 .kv-ee-section-text{margin-bottom:0}.komupe08 .kv-ee-container-wide{max-width:1680px;margin:0 auto;padding-right:15px;padding-left:15px}.komupe08 .kv-ee-align-left{text-align:left}.komupe08 .kv-ee-align-left .kv-ee-row-align .kv-ee-row{justify-content:flex-start}.komupe08 .kv-ee-align-center{text-align:center}.komupe08 .kv-ee-align-center .kv-ee-row-align .kv-ee-row{justify-content:center}.komupe08 .kv-ee-align-right{text-align:right}.komupe08 .kv-ee-align-right .kv-ee-row-align .kv-ee-row{justify-content:flex-end}@media(max-width:767px){.komupe08 .kv-ee-no-field-compensation{padding-top:40px}}@media(max-width:575.99px){.komupe08 .kv-ee-card-text{padding:1rem !important}.komupe08 .kv-ee-card-text .kv-ee-card-title{margin-bottom:0}}.jikego13 .kv-ee-content-card{border:none;transition:all 240ms;height:100%}.jikego13 .kv-ee-content-card:hover{box-shadow:0 8px 16px -4px rgba(0,0,0,.24),0 2px 2px 0 rgba(0,0,0,.08);transform:translateY(-4px)}.jikego13 .kv-ee-content-card .kv-ee-content-image{width:100%;padding-bottom:100%;background-size:cover;background-position:center;position:relative;margin:0;transition:box-shadow 300ms}.jikego13 .kv-ee-content-card .kv-ee-content-image:hover{cursor:pointer}.jikego13 .kv-ee-column{height:100%;padding-top:15px;padding-bottom:15px}.jikego13 .kv-ee-card-img{position:relative}.jikego13 .kv-ee-card-title{margin-bottom:0}.jikego13 .kv-ee-card-text{padding:2rem 1rem;color:var(--kv-ee-text1-card);text-shadow:none}.jikego13 .kv-ee-card-text h5{color:var(--kv-ee-title1-card);text-shadow:none;margin-bottom:0}.jikego13 .kv-ee-card-text p{margin-bottom:0}.jikego13 .kv-ee-hover-overlay{position:absolute;display:flex;align-items:center;justify-content:center;background-color:rgba(var(--kv-ee-accent1-rgb),.8);opacity:0;transition:all .4s;transition-timing-function:ease-in-out;left:0;right:0;top:0;bottom:0;z-index:1}.jikego13 .kv-ee-hover-overlay i{color:var(--kv-ee-text1-accent1);text-shadow:none;font-size:2rem}.jikego13 .kv-ee-hover-overlay:hover{opacity:1}@media(min-width:576px){.jikego13 .kv-ee-card .kv-ee-content-image{height:10rem}}@media(min-width:992px){.jikego13 .kv-ee-card .kv-ee-content-img{height:15rem}}.jikego13 .kv-ee-landscape .kv-ee-content-image{padding-bottom:75%}.jikego13 .kv-ee-portrait .kv-ee-content-image{padding-bottom:133%}.jikego13 .kv-ee-square .kv-ee-content-image{padding-bottom:100%}.jikego13 .kv-ee-circle .kv-ee-card-img{padding:1rem}.jikego13 .kv-ee-circle .kv-ee-content-image{padding-bottom:100%;border-radius:50%}.jikego13 .kv-ee-align-left{text-align:left}.jikego13 .kv-ee-align-center{text-align:center}.jikego13 .kv-ee-align-right{text-align:right}.jikego13 .kv-ee-rounded-corners{border-radius:.5rem}.jikego13 .kv-ee-no-gutters .kv-ee-item{padding-left:0;padding-right:0}.jikego13 .kv-ee-no-gutters .kv-ee-column{padding-top:0;padding-bottom:0}.jikego13 .kv-ee-no-gutters .kv-ee-content-card:hover{box-shadow:none;transform:none}.jikego13 .kv-ee-no-gutters .kv-ee-default-card{box-shadow:none !important}.jikego13 .kv-ee-no-gutters .kv-ee-card-text.kv-ee-align-left{padding-left:0}.jikego13 .kv-ee-no-gutters .kv-ee-card-text.kv-ee-align-right{padding-right:0}.jikego13 .kv-ee-no-gutters .kv-ee-drop-shadow-sm .kv-ee-card-text.kv-ee-align-left{padding-left:1rem}.jikego13 .kv-ee-no-gutters .kv-ee-drop-shadow-sm .kv-ee-card-text.kv-ee-align-right{padding-right:1rem}<\/style>","protected":false},"excerpt":{"rendered":"","protected":false},"author":1,"featured_media":0,"parent":451,"menu_order":0,"comment_status":"closed","ping_status":"closed","template":"wb4wp-template.php","meta":{"nf_dc_page":"","WB4WB4WP_MODE":"","WB4WP_PAGE_SCRIPTS":"","WB4WP_PAGE_STYLES":"","WB4WP_PAGE_FONTS":"","WB4WP_PAGE_HEADER":"","WB4WP_PAGE_FOOTER":"","footnotes":""},"class_list":["post-1164","page","type-page","status-publish","hentry"],"yoast_head":"<!-- This site is optimized with the Yoast SEO plugin v27.3 - https:\/\/yoast.com\/product\/yoast-seo-wordpress\/ -->\n<title>Algo de Historia - Opuntia Hotel Boutique<\/title>\n<meta name=\"robots\" content=\"index, follow, max-snippet:-1, max-image-preview:large, max-video-preview:-1\" \/>\n<link rel=\"canonical\" href=\"https:\/\/opuntia-hotel.com\/spanish\/el-edificio\/algo-de-historia\/\" \/>\n<meta property=\"og:locale\" content=\"en_US\" \/>\n<meta property=\"og:type\" content=\"article\" \/>\n<meta property=\"og:title\" content=\"Algo de Historia - Opuntia Hotel Boutique\" \/>\n<meta property=\"og:url\" content=\"https:\/\/opuntia-hotel.com\/spanish\/el-edificio\/algo-de-historia\/\" \/>\n<meta property=\"og:site_name\" content=\"Opuntia Hotel Boutique\" \/>\n<meta property=\"article:modified_time\" content=\"2025-09-06T15:31:39+00:00\" \/>\n<meta name=\"twitter:card\" content=\"summary_large_image\" \/>\n<meta name=\"twitter:label1\" content=\"Est. reading time\" \/>\n\t<meta name=\"twitter:data1\" content=\"3 minutes\" \/>\n<script type=\"application\/ld+json\" class=\"yoast-schema-graph\">{\"@context\":\"https:\\\/\\\/schema.org\",\"@graph\":[{\"@type\":\"WebPage\",\"@id\":\"https:\\\/\\\/opuntia-hotel.com\\\/spanish\\\/el-edificio\\\/algo-de-historia\\\/\",\"url\":\"https:\\\/\\\/opuntia-hotel.com\\\/spanish\\\/el-edificio\\\/algo-de-historia\\\/\",\"name\":\"Algo de Historia - Opuntia Hotel Boutique\",\"isPartOf\":{\"@id\":\"https:\\\/\\\/opuntia-hotel.com\\\/spanish\\\/#website\"},\"datePublished\":\"2022-06-21T16:53:29+00:00\",\"dateModified\":\"2025-09-06T15:31:39+00:00\",\"breadcrumb\":{\"@id\":\"https:\\\/\\\/opuntia-hotel.com\\\/spanish\\\/el-edificio\\\/algo-de-historia\\\/#breadcrumb\"},\"inLanguage\":\"en-US\",\"potentialAction\":[{\"@type\":\"ReadAction\",\"target\":[\"https:\\\/\\\/opuntia-hotel.com\\\/spanish\\\/el-edificio\\\/algo-de-historia\\\/\"]}]},{\"@type\":\"BreadcrumbList\",\"@id\":\"https:\\\/\\\/opuntia-hotel.com\\\/spanish\\\/el-edificio\\\/algo-de-historia\\\/#breadcrumb\",\"itemListElement\":[{\"@type\":\"ListItem\",\"position\":1,\"name\":\"Home\",\"item\":\"https:\\\/\\\/opuntia-hotel.com\\\/spanish\\\/\"},{\"@type\":\"ListItem\",\"position\":2,\"name\":\"El Edificio\",\"item\":\"https:\\\/\\\/opuntia-hotel.com\\\/spanish\\\/el-edificio\\\/\"},{\"@type\":\"ListItem\",\"position\":3,\"name\":\"Algo de Historia\"}]},{\"@type\":\"WebSite\",\"@id\":\"https:\\\/\\\/opuntia-hotel.com\\\/spanish\\\/#website\",\"url\":\"https:\\\/\\\/opuntia-hotel.com\\\/spanish\\\/\",\"name\":\"Opuntia Hotel Boutique\",\"description\":\"\",\"publisher\":{\"@id\":\"https:\\\/\\\/opuntia-hotel.com\\\/spanish\\\/#organization\"},\"potentialAction\":[{\"@type\":\"SearchAction\",\"target\":{\"@type\":\"EntryPoint\",\"urlTemplate\":\"https:\\\/\\\/opuntia-hotel.com\\\/spanish\\\/?s={search_term_string}\"},\"query-input\":{\"@type\":\"PropertyValueSpecification\",\"valueRequired\":true,\"valueName\":\"search_term_string\"}}],\"inLanguage\":\"en-US\"},{\"@type\":\"Organization\",\"@id\":\"https:\\\/\\\/opuntia-hotel.com\\\/spanish\\\/#organization\",\"name\":\"Opuntia Hotel Boutique\",\"url\":\"https:\\\/\\\/opuntia-hotel.com\\\/spanish\\\/\",\"logo\":{\"@type\":\"ImageObject\",\"inLanguage\":\"en-US\",\"@id\":\"https:\\\/\\\/opuntia-hotel.com\\\/spanish\\\/#\\\/schema\\\/logo\\\/image\\\/\",\"url\":\"https:\\\/\\\/i0.wp.com\\\/opuntia-hotel.com\\\/wp-content\\\/uploads\\\/2022\\\/08\\\/logo_opuntia.png?fit=849%2C849&ssl=1\",\"contentUrl\":\"https:\\\/\\\/i0.wp.com\\\/opuntia-hotel.com\\\/wp-content\\\/uploads\\\/2022\\\/08\\\/logo_opuntia.png?fit=849%2C849&ssl=1\",\"width\":849,\"height\":849,\"caption\":\"Opuntia Hotel Boutique\"},\"image\":{\"@id\":\"https:\\\/\\\/opuntia-hotel.com\\\/spanish\\\/#\\\/schema\\\/logo\\\/image\\\/\"},\"sameAs\":[\"https:\\\/\\\/www.instagram.com\\\/opuntia_hotel_boutique_mijas\\\/\"]}]}<\/script>\n<!-- \/ Yoast SEO plugin. -->","yoast_head_json":{"title":"Algo de Historia - Opuntia Hotel Boutique","robots":{"index":"index","follow":"follow","max-snippet":"max-snippet:-1","max-image-preview":"max-image-preview:large","max-video-preview":"max-video-preview:-1"},"canonical":"https:\/\/opuntia-hotel.com\/spanish\/el-edificio\/algo-de-historia\/","og_locale":"en_US","og_type":"article","og_title":"Algo de Historia - Opuntia Hotel Boutique","og_url":"https:\/\/opuntia-hotel.com\/spanish\/el-edificio\/algo-de-historia\/","og_site_name":"Opuntia Hotel Boutique","article_modified_time":"2025-09-06T15:31:39+00:00","twitter_card":"summary_large_image","twitter_misc":{"Est. reading time":"3 minutes"},"schema":{"@context":"https:\/\/schema.org","@graph":[{"@type":"WebPage","@id":"https:\/\/opuntia-hotel.com\/spanish\/el-edificio\/algo-de-historia\/","url":"https:\/\/opuntia-hotel.com\/spanish\/el-edificio\/algo-de-historia\/","name":"Algo de Historia - Opuntia Hotel Boutique","isPartOf":{"@id":"https:\/\/opuntia-hotel.com\/spanish\/#website"},"datePublished":"2022-06-21T16:53:29+00:00","dateModified":"2025-09-06T15:31:39+00:00","breadcrumb":{"@id":"https:\/\/opuntia-hotel.com\/spanish\/el-edificio\/algo-de-historia\/#breadcrumb"},"inLanguage":"en-US","potentialAction":[{"@type":"ReadAction","target":["https:\/\/opuntia-hotel.com\/spanish\/el-edificio\/algo-de-historia\/"]}]},{"@type":"BreadcrumbList","@id":"https:\/\/opuntia-hotel.com\/spanish\/el-edificio\/algo-de-historia\/#breadcrumb","itemListElement":[{"@type":"ListItem","position":1,"name":"Home","item":"https:\/\/opuntia-hotel.com\/spanish\/"},{"@type":"ListItem","position":2,"name":"El Edificio","item":"https:\/\/opuntia-hotel.com\/spanish\/el-edificio\/"},{"@type":"ListItem","position":3,"name":"Algo de Historia"}]},{"@type":"WebSite","@id":"https:\/\/opuntia-hotel.com\/spanish\/#website","url":"https:\/\/opuntia-hotel.com\/spanish\/","name":"Opuntia Hotel Boutique","description":"","publisher":{"@id":"https:\/\/opuntia-hotel.com\/spanish\/#organization"},"potentialAction":[{"@type":"SearchAction","target":{"@type":"EntryPoint","urlTemplate":"https:\/\/opuntia-hotel.com\/spanish\/?s={search_term_string}"},"query-input":{"@type":"PropertyValueSpecification","valueRequired":true,"valueName":"search_term_string"}}],"inLanguage":"en-US"},{"@type":"Organization","@id":"https:\/\/opuntia-hotel.com\/spanish\/#organization","name":"Opuntia Hotel Boutique","url":"https:\/\/opuntia-hotel.com\/spanish\/","logo":{"@type":"ImageObject","inLanguage":"en-US","@id":"https:\/\/opuntia-hotel.com\/spanish\/#\/schema\/logo\/image\/","url":"https:\/\/i0.wp.com\/opuntia-hotel.com\/wp-content\/uploads\/2022\/08\/logo_opuntia.png?fit=849%2C849&ssl=1","contentUrl":"https:\/\/i0.wp.com\/opuntia-hotel.com\/wp-content\/uploads\/2022\/08\/logo_opuntia.png?fit=849%2C849&ssl=1","width":849,"height":849,"caption":"Opuntia Hotel Boutique"},"image":{"@id":"https:\/\/opuntia-hotel.com\/spanish\/#\/schema\/logo\/image\/"},"sameAs":["https:\/\/www.instagram.com\/opuntia_hotel_boutique_mijas\/"]}]}},"jetpack_sharing_enabled":true,"_links":{"self":[{"href":"https:\/\/opuntia-hotel.com\/spanish\/wp-json\/wp\/v2\/pages\/1164","targetHints":{"allow":["GET"]}}],"collection":[{"href":"https:\/\/opuntia-hotel.com\/spanish\/wp-json\/wp\/v2\/pages"}],"about":[{"href":"https:\/\/opuntia-hotel.com\/spanish\/wp-json\/wp\/v2\/types\/page"}],"author":[{"embeddable":true,"href":"https:\/\/opuntia-hotel.com\/spanish\/wp-json\/wp\/v2\/users\/1"}],"replies":[{"embeddable":true,"href":"https:\/\/opuntia-hotel.com\/spanish\/wp-json\/wp\/v2\/comments?post=1164"}],"version-history":[{"count":0,"href":"https:\/\/opuntia-hotel.com\/spanish\/wp-json\/wp\/v2\/pages\/1164\/revisions"}],"up":[{"embeddable":true,"href":"https:\/\/opuntia-hotel.com\/spanish\/wp-json\/wp\/v2\/pages\/451"}],"wp:attachment":[{"href":"https:\/\/opuntia-hotel.com\/spanish\/wp-json\/wp\/v2\/media?parent=1164"}],"curies":[{"name":"wp","href":"https:\/\/api.w.org\/{rel}","templated":true}]}}