{"id":526,"date":"2022-05-09T20:51:31","date_gmt":"2022-05-09T20:51:31","guid":{"rendered":"http:\/\/pbs.shc.mybluehost.me\/test\/?page_id=526"},"modified":"2025-09-06T15:31:41","modified_gmt":"2025-09-06T15:31:41","slug":"reservas","status":"publish","type":"page","link":"https:\/\/opuntia-hotel.com\/spanish\/reservas\/","title":{"rendered":"RESERVAS"},"content":{"rendered":"<div\n      class=\"kv-control-placeholder kv-_page\"\n      data-kv-control=\"1\">\n    <\/div> <section class=\"background-id_0adjacent section-1652129225554 hagopy24\" style=\" position:relative;\">\n  <a name=\"section1652129225554\"><\/a>\n    <div\n    class=\"kv-control-placeholder kv-_section\"\n    data-kv-control=\"background\">\n  <\/div> <div class='kv-background  ' style=\" background-color: rgb(249,249,249);\">\n        \n        <div class='kv-background-inner '  style=\"\n          \n          \n          \n          background-color: rgb(249,249,249);\n          \"><\/div>\n          \n<\/div>\n\n  <div class=\"position-relative kv-content\">\n    <div\n    class=\"kv-control-placeholder kv-_section\"\n    data-kv-control=\"content\">\n  <\/div> <div class=\"kv-ee-section kv-ee-section--lg\"><div class=\"kv-ee-container\"><div class=\"kv-ee-row\"><div class=\"kv-ee-col-lg-10 kv-ee-offset-lg-1 kv-ee-align-left kv-notify-inview kv-ee-section-text\">  <h2 class=\"kv-ee-section-title kv-ee-section-title--md\" data-type=\"text\" tabindex=\"0\">Reserva online<span data-prop=\"title\" class=\"ck-editable-element\" data-editable=\"basic\" style=\"display:none;\"><\/span><\/h2> <p class=\"kv-ee-description\" data-type=\"text\" tabindex=\"0\"><font class=\"cstm-fnt\" style=\"font-size: 110.1%;\">En estos momentos la reserva online no est\u00e1 disponible.<br><br>Para reservas&nbsp; utilice los siguientes n\u00fameros de tel\u00e9fono o email:<br><br>&nbsp;+34 603641308 \/ +34 952485672 <br><br>&nbsp;<a href=\"mailto:solomediterranea@hotmail.com?subject=reserva online\" data-href=\"mailto:solomediterranea@hotmail.com?subject=reserva online\" data-target=\"\" target=\"\" class=\"\">solomediterranea@hotmail.com<\/a>&nbsp;<br><\/font><br><span data-prop=\"description\" class=\"ck-editable-element\" data-editable=\"basic\" style=\"display:none;\"><\/span><\/p>  <\/div><\/div><\/div><\/div>\n  <\/div>\n<\/section>\n<style scoped>.hagopy24 .kv-ee-section-title{color:var(--kv-ee-title1)}.hagopy24 .kv-ee-description{line-height:1.75}.hagopy24 .kv-ee-overline{color:var(--kv-ee-text2);letter-spacing:.02em;margin-bottom:.25rem !important;margin-top:0 !important}.hagopy24 .kv-ee-align-left{text-align:left}.hagopy24 .kv-ee-align-center{text-align:center}.hagopy24 .kv-ee-align-center .kv-ee-section-subtitle,.hagopy24 .kv-ee-align-center .kv-ee-section-title,.hagopy24 .kv-ee-align-center .kv-ee-section-description{margin-left:auto;margin-right:auto}.hagopy24 .kv-ee-align-right{text-align:right}.hagopy24 .kv-ee-align-right .kv-ee-section-subtitle,.hagopy24 .kv-ee-align-right .kv-ee-section-title,.hagopy24 .kv-ee-align-right .kv-ee-section-description{margin-left:auto}.hagopy24 .kv-ee-button{margin-right:1rem}<\/style>","protected":false},"excerpt":{"rendered":"","protected":false},"author":1,"featured_media":0,"parent":0,"menu_order":0,"comment_status":"closed","ping_status":"closed","template":"wb4wp-template.php","meta":{"nf_dc_page":"","WB4WB4WP_MODE":"","WB4WP_PAGE_SCRIPTS":"","WB4WP_PAGE_STYLES":"","WB4WP_PAGE_FONTS":"","WB4WP_PAGE_HEADER":"","WB4WP_PAGE_FOOTER":"","footnotes":""},"class_list":["post-526","page","type-page","status-publish","hentry"],"yoast_head":"<!-- This site is optimized with the Yoast SEO plugin v27.3 - https:\/\/yoast.com\/product\/yoast-seo-wordpress\/ -->\n<title>RESERVAS - Opuntia Hotel Boutique<\/title>\n<meta name=\"robots\" content=\"index, follow, max-snippet:-1, max-image-preview:large, max-video-preview:-1\" \/>\n<link rel=\"canonical\" href=\"https:\/\/opuntia-hotel.com\/spanish\/reservas\/\" \/>\n<meta property=\"og:locale\" content=\"en_US\" \/>\n<meta property=\"og:type\" content=\"article\" \/>\n<meta property=\"og:title\" content=\"RESERVAS - Opuntia Hotel Boutique\" \/>\n<meta property=\"og:url\" content=\"https:\/\/opuntia-hotel.com\/spanish\/reservas\/\" \/>\n<meta property=\"og:site_name\" content=\"Opuntia Hotel Boutique\" \/>\n<meta property=\"article:modified_time\" content=\"2025-09-06T15:31:41+00:00\" \/>\n<meta name=\"twitter:card\" content=\"summary_large_image\" \/>\n<script type=\"application\/ld+json\" class=\"yoast-schema-graph\">{\"@context\":\"https:\\\/\\\/schema.org\",\"@graph\":[{\"@type\":\"WebPage\",\"@id\":\"https:\\\/\\\/opuntia-hotel.com\\\/spanish\\\/reservas\\\/\",\"url\":\"https:\\\/\\\/opuntia-hotel.com\\\/spanish\\\/reservas\\\/\",\"name\":\"RESERVAS - Opuntia Hotel Boutique\",\"isPartOf\":{\"@id\":\"https:\\\/\\\/opuntia-hotel.com\\\/spanish\\\/#website\"},\"datePublished\":\"2022-05-09T20:51:31+00:00\",\"dateModified\":\"2025-09-06T15:31:41+00:00\",\"breadcrumb\":{\"@id\":\"https:\\\/\\\/opuntia-hotel.com\\\/spanish\\\/reservas\\\/#breadcrumb\"},\"inLanguage\":\"en-US\",\"potentialAction\":[{\"@type\":\"ReadAction\",\"target\":[\"https:\\\/\\\/opuntia-hotel.com\\\/spanish\\\/reservas\\\/\"]}]},{\"@type\":\"BreadcrumbList\",\"@id\":\"https:\\\/\\\/opuntia-hotel.com\\\/spanish\\\/reservas\\\/#breadcrumb\",\"itemListElement\":[{\"@type\":\"ListItem\",\"position\":1,\"name\":\"Home\",\"item\":\"https:\\\/\\\/opuntia-hotel.com\\\/spanish\\\/\"},{\"@type\":\"ListItem\",\"position\":2,\"name\":\"RESERVAS\"}]},{\"@type\":\"WebSite\",\"@id\":\"https:\\\/\\\/opuntia-hotel.com\\\/spanish\\\/#website\",\"url\":\"https:\\\/\\\/opuntia-hotel.com\\\/spanish\\\/\",\"name\":\"Opuntia Hotel Boutique\",\"description\":\"\",\"publisher\":{\"@id\":\"https:\\\/\\\/opuntia-hotel.com\\\/spanish\\\/#organization\"},\"potentialAction\":[{\"@type\":\"SearchAction\",\"target\":{\"@type\":\"EntryPoint\",\"urlTemplate\":\"https:\\\/\\\/opuntia-hotel.com\\\/spanish\\\/?s={search_term_string}\"},\"query-input\":{\"@type\":\"PropertyValueSpecification\",\"valueRequired\":true,\"valueName\":\"search_term_string\"}}],\"inLanguage\":\"en-US\"},{\"@type\":\"Organization\",\"@id\":\"https:\\\/\\\/opuntia-hotel.com\\\/spanish\\\/#organization\",\"name\":\"Opuntia Hotel Boutique\",\"url\":\"https:\\\/\\\/opuntia-hotel.com\\\/spanish\\\/\",\"logo\":{\"@type\":\"ImageObject\",\"inLanguage\":\"en-US\",\"@id\":\"https:\\\/\\\/opuntia-hotel.com\\\/spanish\\\/#\\\/schema\\\/logo\\\/image\\\/\",\"url\":\"https:\\\/\\\/i0.wp.com\\\/opuntia-hotel.com\\\/wp-content\\\/uploads\\\/2022\\\/08\\\/logo_opuntia.png?fit=849%2C849&ssl=1\",\"contentUrl\":\"https:\\\/\\\/i0.wp.com\\\/opuntia-hotel.com\\\/wp-content\\\/uploads\\\/2022\\\/08\\\/logo_opuntia.png?fit=849%2C849&ssl=1\",\"width\":849,\"height\":849,\"caption\":\"Opuntia Hotel Boutique\"},\"image\":{\"@id\":\"https:\\\/\\\/opuntia-hotel.com\\\/spanish\\\/#\\\/schema\\\/logo\\\/image\\\/\"},\"sameAs\":[\"https:\\\/\\\/www.instagram.com\\\/opuntia_hotel_boutique_mijas\\\/\"]}]}<\/script>\n<!-- \/ Yoast SEO plugin. -->","yoast_head_json":{"title":"RESERVAS - Opuntia Hotel Boutique","robots":{"index":"index","follow":"follow","max-snippet":"max-snippet:-1","max-image-preview":"max-image-preview:large","max-video-preview":"max-video-preview:-1"},"canonical":"https:\/\/opuntia-hotel.com\/spanish\/reservas\/","og_locale":"en_US","og_type":"article","og_title":"RESERVAS - Opuntia Hotel Boutique","og_url":"https:\/\/opuntia-hotel.com\/spanish\/reservas\/","og_site_name":"Opuntia Hotel Boutique","article_modified_time":"2025-09-06T15:31:41+00:00","twitter_card":"summary_large_image","schema":{"@context":"https:\/\/schema.org","@graph":[{"@type":"WebPage","@id":"https:\/\/opuntia-hotel.com\/spanish\/reservas\/","url":"https:\/\/opuntia-hotel.com\/spanish\/reservas\/","name":"RESERVAS - Opuntia Hotel Boutique","isPartOf":{"@id":"https:\/\/opuntia-hotel.com\/spanish\/#website"},"datePublished":"2022-05-09T20:51:31+00:00","dateModified":"2025-09-06T15:31:41+00:00","breadcrumb":{"@id":"https:\/\/opuntia-hotel.com\/spanish\/reservas\/#breadcrumb"},"inLanguage":"en-US","potentialAction":[{"@type":"ReadAction","target":["https:\/\/opuntia-hotel.com\/spanish\/reservas\/"]}]},{"@type":"BreadcrumbList","@id":"https:\/\/opuntia-hotel.com\/spanish\/reservas\/#breadcrumb","itemListElement":[{"@type":"ListItem","position":1,"name":"Home","item":"https:\/\/opuntia-hotel.com\/spanish\/"},{"@type":"ListItem","position":2,"name":"RESERVAS"}]},{"@type":"WebSite","@id":"https:\/\/opuntia-hotel.com\/spanish\/#website","url":"https:\/\/opuntia-hotel.com\/spanish\/","name":"Opuntia Hotel Boutique","description":"","publisher":{"@id":"https:\/\/opuntia-hotel.com\/spanish\/#organization"},"potentialAction":[{"@type":"SearchAction","target":{"@type":"EntryPoint","urlTemplate":"https:\/\/opuntia-hotel.com\/spanish\/?s={search_term_string}"},"query-input":{"@type":"PropertyValueSpecification","valueRequired":true,"valueName":"search_term_string"}}],"inLanguage":"en-US"},{"@type":"Organization","@id":"https:\/\/opuntia-hotel.com\/spanish\/#organization","name":"Opuntia Hotel Boutique","url":"https:\/\/opuntia-hotel.com\/spanish\/","logo":{"@type":"ImageObject","inLanguage":"en-US","@id":"https:\/\/opuntia-hotel.com\/spanish\/#\/schema\/logo\/image\/","url":"https:\/\/i0.wp.com\/opuntia-hotel.com\/wp-content\/uploads\/2022\/08\/logo_opuntia.png?fit=849%2C849&ssl=1","contentUrl":"https:\/\/i0.wp.com\/opuntia-hotel.com\/wp-content\/uploads\/2022\/08\/logo_opuntia.png?fit=849%2C849&ssl=1","width":849,"height":849,"caption":"Opuntia Hotel Boutique"},"image":{"@id":"https:\/\/opuntia-hotel.com\/spanish\/#\/schema\/logo\/image\/"},"sameAs":["https:\/\/www.instagram.com\/opuntia_hotel_boutique_mijas\/"]}]}},"jetpack_sharing_enabled":true,"_links":{"self":[{"href":"https:\/\/opuntia-hotel.com\/spanish\/wp-json\/wp\/v2\/pages\/526","targetHints":{"allow":["GET"]}}],"collection":[{"href":"https:\/\/opuntia-hotel.com\/spanish\/wp-json\/wp\/v2\/pages"}],"about":[{"href":"https:\/\/opuntia-hotel.com\/spanish\/wp-json\/wp\/v2\/types\/page"}],"author":[{"embeddable":true,"href":"https:\/\/opuntia-hotel.com\/spanish\/wp-json\/wp\/v2\/users\/1"}],"replies":[{"embeddable":true,"href":"https:\/\/opuntia-hotel.com\/spanish\/wp-json\/wp\/v2\/comments?post=526"}],"version-history":[{"count":0,"href":"https:\/\/opuntia-hotel.com\/spanish\/wp-json\/wp\/v2\/pages\/526\/revisions"}],"wp:attachment":[{"href":"https:\/\/opuntia-hotel.com\/spanish\/wp-json\/wp\/v2\/media?parent=526"}],"curies":[{"name":"wp","href":"https:\/\/api.w.org\/{rel}","templated":true}]}}